{"id":2,"date":"2024-04-26T06:05:56","date_gmt":"2024-04-26T11:05:56","guid":{"rendered":"https:\/\/caimandigitalcolombia.com\/?page_id=2"},"modified":"2025-11-06T17:05:08","modified_gmt":"2025-11-06T22:05:08","slug":"pagina-ejemplo","status":"publish","type":"page","link":"https:\/\/caimandigitalcolombia.com\/","title":{"rendered":"Inicio"},"content":{"rendered":"\t\t<div data-elementor-type=\"wp-page\" data-elementor-id=\"2\" class=\"elementor elementor-2\">\n\t\t\t\t<div class=\"elementor-element elementor-element-32b85283 e-flex e-con-boxed e-con e-parent\" data-id=\"32b85283\" data-element_type=\"container\" data-settings=\"{&quot;background_background&quot;:&quot;classic&quot;}\">\n\t\t\t\t\t<div class=\"e-con-inner\">\n\t\t\t\t<div class=\"elementor-element elementor-element-9e65116 elementor-widget elementor-widget-heading\" data-id=\"9e65116\" data-element_type=\"widget\" data-widget_type=\"heading.default\">\n\t\t\t\t<div class=\"elementor-widget-container\">\n\t\t\t\t\t<h1 class=\"elementor-heading-title elementor-size-default\">\u00a1Innovaci\u00f3n y creatividad sin l\u00edmites \nen <span style=\"color: #E99300\">Realidad Aumentada y Virtual! <\/span><\/h1>\t\t\t\t<\/div>\n\t\t\t\t<\/div>\n\t\t\t\t<div class=\"elementor-element elementor-element-2274b55 elementor-widget elementor-widget-heading\" data-id=\"2274b55\" data-element_type=\"widget\" data-widget_type=\"heading.default\">\n\t\t\t\t<div class=\"elementor-widget-container\">\n\t\t\t\t\t<h4 class=\"elementor-heading-title elementor-size-default\">Descubre c\u00f3mo podemos llevar tu <span style=\"color: #E99300\">marca m\u00e1s all\u00e1 de lo convencional con \nnuestras soluciones<\/span> dise\u00f1adas para impresionar y capturar la atenci\u00f3n de tu audiencia<\/h4>\t\t\t\t<\/div>\n\t\t\t\t<\/div>\n\t\t\t\t<div class=\"elementor-element elementor-element-bfb919d elementor-align-center elementor-widget elementor-widget-button\" data-id=\"bfb919d\" data-element_type=\"widget\" data-widget_type=\"button.default\">\n\t\t\t\t<div class=\"elementor-widget-container\">\n\t\t\t\t\t\t\t\t\t<div class=\"elementor-button-wrapper\">\n\t\t\t\t\t<a class=\"elementor-button elementor-button-link elementor-size-sm\" href=\"#\">\n\t\t\t\t\t\t<span class=\"elementor-button-content-wrapper\">\n\t\t\t\t\t\t<span class=\"elementor-button-icon\">\n\t\t\t\t<svg aria-hidden=\"true\" class=\"e-font-icon-svg e-fas-long-arrow-alt-right\" viewBox=\"0 0 448 512\" xmlns=\"http:\/\/www.w3.org\/2000\/svg\"><path d=\"M313.941 216H12c-6.627 0-12 5.373-12 12v56c0 6.627 5.373 12 12 12h301.941v46.059c0 21.382 25.851 32.09 40.971 16.971l86.059-86.059c9.373-9.373 9.373-24.569 0-33.941l-86.059-86.059c-15.119-15.119-40.971-4.411-40.971 16.971V216z\"><\/path><\/svg>\t\t\t<\/span>\n\t\t\t\t\t\t\t\t\t<span class=\"elementor-button-text\">comenzar mi viaje hacia la innovaci\u00f3n y transformaci\u00f3n digital<\/span>\n\t\t\t\t\t<\/span>\n\t\t\t\t\t<\/a>\n\t\t\t\t<\/div>\n\t\t\t\t\t\t\t\t<\/div>\n\t\t\t\t<\/div>\n\t\t\t\t<div class=\"elementor-element elementor-element-2c1cfa8 elementor-widget elementor-widget-image-carousel\" data-id=\"2c1cfa8\" data-element_type=\"widget\" id=\"slider-logos\" data-settings=\"{&quot;slides_to_show&quot;:&quot;5&quot;,&quot;navigation&quot;:&quot;none&quot;,&quot;autoplay&quot;:&quot;yes&quot;,&quot;pause_on_hover&quot;:&quot;yes&quot;,&quot;pause_on_interaction&quot;:&quot;yes&quot;,&quot;autoplay_speed&quot;:5000,&quot;infinite&quot;:&quot;yes&quot;,&quot;speed&quot;:500,&quot;image_spacing_custom&quot;:{&quot;unit&quot;:&quot;px&quot;,&quot;size&quot;:20,&quot;sizes&quot;:[]},&quot;image_spacing_custom_tablet&quot;:{&quot;unit&quot;:&quot;px&quot;,&quot;size&quot;:&quot;&quot;,&quot;sizes&quot;:[]},&quot;image_spacing_custom_mobile&quot;:{&quot;unit&quot;:&quot;px&quot;,&quot;size&quot;:&quot;&quot;,&quot;sizes&quot;:[]}}\" data-widget_type=\"image-carousel.default\">\n\t\t\t\t<div class=\"elementor-widget-container\">\n\t\t\t\t\t\t\t<div class=\"elementor-image-carousel-wrapper swiper\" role=\"region\" aria-roledescription=\"carousel\" aria-label=\"Carrusel de im\u00e1genes\" dir=\"ltr\">\n\t\t\t<div class=\"elementor-image-carousel swiper-wrapper\" aria-live=\"off\">\n\t\t\t\t\t\t\t\t<div class=\"swiper-slide\" role=\"group\" aria-roledescription=\"slide\" aria-label=\"1 of 6\"><figure class=\"swiper-slide-inner\"><img decoding=\"async\" class=\"swiper-slide-image\" src=\"https:\/\/caimandigitalcolombia.com\/wp-content\/uploads\/2024\/04\/logotipo.png\" alt=\"logotipo\" \/><\/figure><\/div><div class=\"swiper-slide\" role=\"group\" aria-roledescription=\"slide\" aria-label=\"2 of 6\"><figure class=\"swiper-slide-inner\"><img decoding=\"async\" class=\"swiper-slide-image\" src=\"https:\/\/caimandigitalcolombia.com\/wp-content\/uploads\/2024\/04\/logotipo-1.png\" alt=\"logotipo\" \/><\/figure><\/div><div class=\"swiper-slide\" role=\"group\" aria-roledescription=\"slide\" aria-label=\"3 of 6\"><figure class=\"swiper-slide-inner\"><img decoding=\"async\" class=\"swiper-slide-image\" src=\"https:\/\/caimandigitalcolombia.com\/wp-content\/uploads\/2024\/04\/logo.png\" alt=\"logo\" \/><\/figure><\/div><div class=\"swiper-slide\" role=\"group\" aria-roledescription=\"slide\" aria-label=\"4 of 6\"><figure class=\"swiper-slide-inner\"><img decoding=\"async\" class=\"swiper-slide-image\" src=\"https:\/\/caimandigitalcolombia.com\/wp-content\/uploads\/2024\/04\/logotipo-2.png\" alt=\"logotipo\" \/><\/figure><\/div><div class=\"swiper-slide\" role=\"group\" aria-roledescription=\"slide\" aria-label=\"5 of 6\"><figure class=\"swiper-slide-inner\"><img decoding=\"async\" class=\"swiper-slide-image\" src=\"https:\/\/caimandigitalcolombia.com\/wp-content\/uploads\/2024\/04\/logotipo-3.png\" alt=\"logotipo\" \/><\/figure><\/div><div class=\"swiper-slide\" role=\"group\" aria-roledescription=\"slide\" aria-label=\"6 of 6\"><figure class=\"swiper-slide-inner\"><img decoding=\"async\" class=\"swiper-slide-image\" src=\"https:\/\/caimandigitalcolombia.com\/wp-content\/uploads\/2024\/04\/Recurso-20.png\" alt=\"Recurso 20\" \/><\/figure><\/div>\t\t\t<\/div>\n\t\t\t\t\t\t\t\n\t\t\t\t\t\t\t\t\t<\/div>\n\t\t\t\t\t\t<\/div>\n\t\t\t\t<\/div>\n\t\t\t\t\t<\/div>\n\t\t\t\t<\/div>\n\t\t<div class=\"elementor-element elementor-element-fc559b6 e-flex e-con-boxed e-con e-parent\" data-id=\"fc559b6\" data-element_type=\"container\" data-settings=\"{&quot;background_background&quot;:&quot;classic&quot;}\">\n\t\t\t\t\t<div class=\"e-con-inner\">\n\t\t<div class=\"elementor-element elementor-element-6d41495 e-flex e-con-boxed e-con e-child\" data-id=\"6d41495\" data-element_type=\"container\">\n\t\t\t\t\t<div class=\"e-con-inner\">\n\t\t\t\t<div class=\"elementor-element elementor-element-9f682de elementor-widget elementor-widget-heading\" data-id=\"9f682de\" data-element_type=\"widget\" data-widget_type=\"heading.default\">\n\t\t\t\t<div class=\"elementor-widget-container\">\n\t\t\t\t\t<h3 class=\"elementor-heading-title elementor-size-default\">Sab\u00edas que ocurre cuando se integran nuestras tecnolog\u00edas\u2026<\/h3>\t\t\t\t<\/div>\n\t\t\t\t<\/div>\n\t\t\t\t<div class=\"elementor-element elementor-element-ff7f8ef elementor-widget elementor-widget-heading\" data-id=\"ff7f8ef\" data-element_type=\"widget\" data-widget_type=\"heading.default\">\n\t\t\t\t<div class=\"elementor-widget-container\">\n\t\t\t\t\t<h1 class=\"elementor-heading-title elementor-size-default\">El <span style=\"color: #E99300\">70% de las empresas<\/span> aumentan la satisfacci\u00f3n del cliente.<\/h1>\t\t\t\t<\/div>\n\t\t\t\t<\/div>\n\t\t\t\t<div class=\"elementor-element elementor-element-3f24fab elementor-widget elementor-widget-text-editor\" data-id=\"3f24fab\" data-element_type=\"widget\" data-widget_type=\"text-editor.default\">\n\t\t\t\t<div class=\"elementor-widget-container\">\n\t\t\t\t\t\t\t\t\t<p>Aprovechamos el El <strong style=\"font-weight: bold;\">poder de estas tecnolog\u00edas<\/strong> para transformar no solo c\u00f3mo interact\u00faas con tus clientes, sino tambi\u00e9n c\u00f3mo <span style=\"background-color: #e99300; color: #333; font-weight: bold; padding: 3px;\">optimizas tus procesos internos.<\/span> Nuestros servicios te permiten ofrecer experiencias inolvidables que no solo capturan <span style=\"text-decoration: underline; color: #e99300;\">la atenci\u00f3n de tu audiencia, sino que tambi\u00e9n impulsan la lealtad<\/span> y el crecimiento a largo plazo<\/p>\t\t\t\t\t\t\t\t<\/div>\n\t\t\t\t<\/div>\n\t\t\t\t\t<\/div>\n\t\t\t\t<\/div>\n\t\t<div class=\"elementor-element elementor-element-0594198 e-flex e-con-boxed e-con e-child\" data-id=\"0594198\" data-element_type=\"container\">\n\t\t\t\t\t<div class=\"e-con-inner\">\n\t\t<div class=\"elementor-element elementor-element-33eb519 e-con-full e-flex e-con e-child\" data-id=\"33eb519\" data-element_type=\"container\" data-settings=\"{&quot;background_background&quot;:&quot;classic&quot;}\">\n\t\t\t\t<div class=\"elementor-element elementor-element-12782da elementor-widget elementor-widget-image\" data-id=\"12782da\" data-element_type=\"widget\" data-widget_type=\"image.default\">\n\t\t\t\t<div class=\"elementor-widget-container\">\n\t\t\t\t\t\t\t\t\t\t\t\t\t\t\t<img fetchpriority=\"high\" decoding=\"async\" width=\"1020\" height=\"769\" src=\"https:\/\/caimandigitalcolombia.com\/wp-content\/uploads\/2025\/11\/1.jpg\" class=\"attachment-large size-large wp-image-554\" alt=\"\" srcset=\"https:\/\/caimandigitalcolombia.com\/wp-content\/uploads\/2025\/11\/1.jpg 1020w, https:\/\/caimandigitalcolombia.com\/wp-content\/uploads\/2025\/11\/1-300x226.jpg 300w, https:\/\/caimandigitalcolombia.com\/wp-content\/uploads\/2025\/11\/1-768x579.jpg 768w\" sizes=\"(max-width: 1020px) 100vw, 1020px\" \/>\t\t\t\t\t\t\t\t\t\t\t\t\t\t\t<\/div>\n\t\t\t\t<\/div>\n\t\t\t\t<div class=\"elementor-element elementor-element-fca9a2a elementor-widget elementor-widget-heading\" data-id=\"fca9a2a\" data-element_type=\"widget\" data-widget_type=\"heading.default\">\n\t\t\t\t<div class=\"elementor-widget-container\">\n\t\t\t\t\t<h4 class=\"elementor-heading-title elementor-size-default\">Modelado 3D y Animaci\u00f3n<\/h4>\t\t\t\t<\/div>\n\t\t\t\t<\/div>\n\t\t\t\t<div class=\"elementor-element elementor-element-649b750 elementor-widget elementor-widget-text-editor\" data-id=\"649b750\" data-element_type=\"widget\" data-widget_type=\"text-editor.default\">\n\t\t\t\t<div class=\"elementor-widget-container\">\n\t\t\t\t\t\t\t\t\t<p>Dise\u00f1amos y producimos modelos 3D personalizados para satisfacer tus necesidades, colaborando estrechamente contigo a lo largo del proceso.<\/p>\t\t\t\t\t\t\t\t<\/div>\n\t\t\t\t<\/div>\n\t\t\t\t<\/div>\n\t\t<div class=\"elementor-element elementor-element-fdd2a54 e-flex e-con-boxed e-con e-child\" data-id=\"fdd2a54\" data-element_type=\"container\" data-settings=\"{&quot;background_background&quot;:&quot;classic&quot;}\">\n\t\t\t\t\t<div class=\"e-con-inner\">\n\t\t\t\t<div class=\"elementor-element elementor-element-6879f83 elementor-widget elementor-widget-image\" data-id=\"6879f83\" data-element_type=\"widget\" data-widget_type=\"image.default\">\n\t\t\t\t<div class=\"elementor-widget-container\">\n\t\t\t\t\t\t\t\t\t\t\t\t\t\t\t<img decoding=\"async\" width=\"1024\" height=\"679\" src=\"https:\/\/caimandigitalcolombia.com\/wp-content\/uploads\/2024\/04\/Recurso-2-100-1024x679.webp\" class=\"attachment-large size-large wp-image-157\" alt=\"\" srcset=\"https:\/\/caimandigitalcolombia.com\/wp-content\/uploads\/2024\/04\/Recurso-2-100-1024x679.webp 1024w, https:\/\/caimandigitalcolombia.com\/wp-content\/uploads\/2024\/04\/Recurso-2-100-300x199.webp 300w, https:\/\/caimandigitalcolombia.com\/wp-content\/uploads\/2024\/04\/Recurso-2-100-768x509.webp 768w, https:\/\/caimandigitalcolombia.com\/wp-content\/uploads\/2024\/04\/Recurso-2-100-1536x1018.webp 1536w, https:\/\/caimandigitalcolombia.com\/wp-content\/uploads\/2024\/04\/Recurso-2-100.webp 1912w\" sizes=\"(max-width: 1024px) 100vw, 1024px\" \/>\t\t\t\t\t\t\t\t\t\t\t\t\t\t\t<\/div>\n\t\t\t\t<\/div>\n\t\t<div class=\"elementor-element elementor-element-70e323c e-flex e-con-boxed e-con e-child\" data-id=\"70e323c\" data-element_type=\"container\">\n\t\t\t\t\t<div class=\"e-con-inner\">\n\t\t\t\t<div class=\"elementor-element elementor-element-f02229d elementor-widget elementor-widget-heading\" data-id=\"f02229d\" data-element_type=\"widget\" data-widget_type=\"heading.default\">\n\t\t\t\t<div class=\"elementor-widget-container\">\n\t\t\t\t\t<h4 class=\"elementor-heading-title elementor-size-default\">Realidad Aumentada y Virtual<\/h4>\t\t\t\t<\/div>\n\t\t\t\t<\/div>\n\t\t\t\t<div class=\"elementor-element elementor-element-d17a54a elementor-widget elementor-widget-text-editor\" data-id=\"d17a54a\" data-element_type=\"widget\" data-widget_type=\"text-editor.default\">\n\t\t\t\t<div class=\"elementor-widget-container\">\n\t\t\t\t\t\t\t\t\t<p>Elevamos tus proyectos con aplicaciones y filtros de realidad aumentada, fortaleciendo estrategias de marketing, comunicaci\u00f3n y dise\u00f1o.\u00a0<\/p>\t\t\t\t\t\t\t\t<\/div>\n\t\t\t\t<\/div>\n\t\t\t\t\t<\/div>\n\t\t\t\t<\/div>\n\t\t\t\t\t<\/div>\n\t\t\t\t<\/div>\n\t\t<div class=\"elementor-element elementor-element-96f2b74 e-flex e-con-boxed e-con e-child\" data-id=\"96f2b74\" data-element_type=\"container\" data-settings=\"{&quot;background_background&quot;:&quot;classic&quot;}\">\n\t\t\t\t\t<div class=\"e-con-inner\">\n\t\t\t\t<div class=\"elementor-element elementor-element-7678b8c elementor-widget elementor-widget-image\" data-id=\"7678b8c\" data-element_type=\"widget\" data-widget_type=\"image.default\">\n\t\t\t\t<div class=\"elementor-widget-container\">\n\t\t\t\t\t\t\t\t\t\t\t\t\t\t\t<img decoding=\"async\" src=\"https:\/\/caimandigitalcolombia.com\/wp-content\/uploads\/2024\/04\/Recurso-1-100.webp\" title=\"Recurso-1-100\" alt=\"Recurso-1-100\" loading=\"lazy\" \/>\t\t\t\t\t\t\t\t\t\t\t\t\t\t\t<\/div>\n\t\t\t\t<\/div>\n\t\t<div class=\"elementor-element elementor-element-41cbdb4 e-flex e-con-boxed e-con e-child\" data-id=\"41cbdb4\" data-element_type=\"container\">\n\t\t\t\t\t<div class=\"e-con-inner\">\n\t\t\t\t<div class=\"elementor-element elementor-element-a428832 elementor-widget elementor-widget-heading\" data-id=\"a428832\" data-element_type=\"widget\" data-widget_type=\"heading.default\">\n\t\t\t\t<div class=\"elementor-widget-container\">\n\t\t\t\t\t<h4 class=\"elementor-heading-title elementor-size-default\">Fotograf\u00eda y Video 360\u00b0<\/h4>\t\t\t\t<\/div>\n\t\t\t\t<\/div>\n\t\t\t\t<div class=\"elementor-element elementor-element-d35bca6 elementor-widget elementor-widget-text-editor\" data-id=\"d35bca6\" data-element_type=\"widget\" data-widget_type=\"text-editor.default\">\n\t\t\t\t<div class=\"elementor-widget-container\">\n\t\t\t\t\t\t\t\t\tOfrecemos visualizaciones inmersivas de espacios reales mediante im\u00e1genes panor\u00e1micas, con la opci\u00f3n de integrar modelos 3D para escenas \u00fanicas y una perspectiva completa.\t\t\t\t\t\t\t\t<\/div>\n\t\t\t\t<\/div>\n\t\t\t\t\t<\/div>\n\t\t\t\t<\/div>\n\t\t\t\t\t<\/div>\n\t\t\t\t<\/div>\n\t\t\t\t\t<\/div>\n\t\t\t\t<\/div>\n\t\t\t\t\t<\/div>\n\t\t\t\t<\/div>\n\t\t<div class=\"elementor-element elementor-element-602f5fc e-grid e-con-full e-con e-parent\" data-id=\"602f5fc\" data-element_type=\"container\" data-settings=\"{&quot;background_background&quot;:&quot;classic&quot;}\">\n\t\t\t\t<div class=\"elementor-element elementor-element-e54facd elementor-widget elementor-widget-text-editor\" data-id=\"e54facd\" data-element_type=\"widget\" data-widget_type=\"text-editor.default\">\n\t\t\t\t<div class=\"elementor-widget-container\">\n\t\t\t\t\t\t\t\t\t<p><img decoding=\"async\" class=\"wp-image-678 alignnone\" src=\"http:\/\/caimandigitalcolombia.com\/wp-content\/uploads\/2025\/11\/Wha-300x300.png\" alt=\"\" width=\"37\" height=\"37\" srcset=\"https:\/\/caimandigitalcolombia.com\/wp-content\/uploads\/2025\/11\/Wha-300x300.png 300w, https:\/\/caimandigitalcolombia.com\/wp-content\/uploads\/2025\/11\/Wha-150x150.png 150w, https:\/\/caimandigitalcolombia.com\/wp-content\/uploads\/2025\/11\/Wha.png 360w\" sizes=\"(max-width: 37px) 100vw, 37px\" \/>+57 3204771279<\/p><p>negocios@caimandigitalcolombia.com<\/p>\t\t\t\t\t\t\t\t<\/div>\n\t\t\t\t<\/div>\n\t\t\t\t<div class=\"elementor-element elementor-element-4476e45 elementor-widget elementor-widget-image\" data-id=\"4476e45\" data-element_type=\"widget\" data-widget_type=\"image.default\">\n\t\t\t\t<div class=\"elementor-widget-container\">\n\t\t\t\t\t\t\t\t\t\t\t\t\t\t\t<img loading=\"lazy\" decoding=\"async\" width=\"150\" height=\"150\" src=\"https:\/\/caimandigitalcolombia.com\/wp-content\/uploads\/2025\/11\/logo-pie-azul-2-e1762445139839-150x150.png\" class=\"attachment-thumbnail size-thumbnail wp-image-665\" alt=\"\" srcset=\"https:\/\/caimandigitalcolombia.com\/wp-content\/uploads\/2025\/11\/logo-pie-azul-2-e1762445139839-150x150.png 150w, https:\/\/caimandigitalcolombia.com\/wp-content\/uploads\/2025\/11\/elementor\/thumbs\/logo-pie-azul-2-e1762445139839-rebc24resehtqmzn8k0zd8k74e7r2fimelgybb1j2g.png 20w, https:\/\/caimandigitalcolombia.com\/wp-content\/uploads\/2025\/11\/elementor\/thumbs\/logo-pie-azul-2-e1762445139839-rebc24rf5k4r81frk8ac027pflh8nyhc64ui5q6p2s.png 50w\" sizes=\"(max-width: 150px) 100vw, 150px\" \/>\t\t\t\t\t\t\t\t\t\t\t\t\t\t\t<\/div>\n\t\t\t\t<\/div>\n\t\t\t\t<div class=\"elementor-element elementor-element-f7d803b elementor-widget elementor-widget-text-editor\" data-id=\"f7d803b\" data-element_type=\"widget\" data-widget_type=\"text-editor.default\">\n\t\t\t\t<div class=\"elementor-widget-container\">\n\t\t\t\t\t\t\t\t\t<p>\u00a0<\/p><p>\u00a0<\/p><p>\u00a0<\/p><p>\u00a0<\/p><p>Copyright \u00a9 2025 Caim\u00e1n Digital. Todos los derechos reservados.<\/p>\t\t\t\t\t\t\t\t<\/div>\n\t\t\t\t<\/div>\n\t\t\t\t<\/div>\n\t\t\t\t<\/div>\n\t\t","protected":false},"excerpt":{"rendered":"<p>\u00a1Innovaci\u00f3n y creatividad sin l\u00edmites en Realidad Aumentada y Virtual! Descubre c\u00f3mo podemos llevar tu marca m\u00e1s all\u00e1 de lo convencional con nuestras soluciones dise\u00f1adas para impresionar y capturar la atenci\u00f3n de tu audiencia comenzar mi viaje hacia la innovaci\u00f3n y transformaci\u00f3n digital Sab\u00edas que ocurre cuando se integran nuestras tecnolog\u00edas\u2026 El 70% de las [&hellip;]<\/p>\n","protected":false},"author":1,"featured_media":0,"parent":0,"menu_order":0,"comment_status":"closed","ping_status":"open","template":"","meta":{"om_disable_all_campaigns":false,"_monsterinsights_skip_tracking":false,"_monsterinsights_sitenote_active":false,"_monsterinsights_sitenote_note":"","_monsterinsights_sitenote_category":0,"site-sidebar-layout":"default","site-content-layout":"","ast-site-content-layout":"default","site-content-style":"default","site-sidebar-style":"default","ast-global-header-display":"","ast-banner-title-visibility":"","ast-main-header-display":"","ast-hfb-above-header-display":"","ast-hfb-below-header-display":"","ast-hfb-mobile-header-display":"","site-post-title":"disabled","ast-breadcrumbs-content":"","ast-featured-img":"","footer-sml-layout":"disabled","theme-transparent-header-meta":"","adv-header-id-meta":"","stick-header-meta":"","header-above-stick-meta":"","header-main-stick-meta":"","header-below-stick-meta":"","astra-migrate-meta-layouts":"default","ast-page-background-enabled":"default","ast-page-background-meta":{"desktop":{"background-color":"var(--ast-global-color-4)","background-image":"","background-repeat":"repeat","background-position":"center center","background-size":"auto","background-attachment":"scroll","background-type":"","background-media":"","overlay-type":"","overlay-color":"","overlay-opacity":"","overlay-gradient":""},"tablet":{"background-color":"","background-image":"","background-repeat":"repeat","background-position":"center center","background-size":"auto","background-attachment":"scroll","background-type":"","background-media":"","overlay-type":"","overlay-color":"","overlay-opacity":"","overlay-gradient":""},"mobile":{"background-color":"","background-image":"","background-repeat":"repeat","background-position":"center center","background-size":"auto","background-attachment":"scroll","background-type":"","background-media":"","overlay-type":"","overlay-color":"","overlay-opacity":"","overlay-gradient":""}},"ast-content-background-meta":{"desktop":{"background-color":"var(--ast-global-color-5)","background-image":"","background-repeat":"repeat","background-position":"center center","background-size":"auto","background-attachment":"scroll","background-type":"","background-media":"","overlay-type":"","overlay-color":"","overlay-opacity":"","overlay-gradient":""},"tablet":{"background-color":"var(--ast-global-color-5)","background-image":"","background-repeat":"repeat","background-position":"center center","background-size":"auto","background-attachment":"scroll","background-type":"","background-media":"","overlay-type":"","overlay-color":"","overlay-opacity":"","overlay-gradient":""},"mobile":{"background-color":"var(--ast-global-color-5)","background-image":"","background-repeat":"repeat","background-position":"center center","background-size":"auto","background-attachment":"scroll","background-type":"","background-media":"","overlay-type":"","overlay-color":"","overlay-opacity":"","overlay-gradient":""}},"footnotes":""},"class_list":["post-2","page","type-page","status-publish","hentry"],"aioseo_notices":[],"_links":{"self":[{"href":"https:\/\/caimandigitalcolombia.com\/index.php\/wp-json\/wp\/v2\/pages\/2","targetHints":{"allow":["GET"]}}],"collection":[{"href":"https:\/\/caimandigitalcolombia.com\/index.php\/wp-json\/wp\/v2\/pages"}],"about":[{"href":"https:\/\/caimandigitalcolombia.com\/index.php\/wp-json\/wp\/v2\/types\/page"}],"author":[{"embeddable":true,"href":"https:\/\/caimandigitalcolombia.com\/index.php\/wp-json\/wp\/v2\/users\/1"}],"replies":[{"embeddable":true,"href":"https:\/\/caimandigitalcolombia.com\/index.php\/wp-json\/wp\/v2\/comments?post=2"}],"version-history":[{"count":233,"href":"https:\/\/caimandigitalcolombia.com\/index.php\/wp-json\/wp\/v2\/pages\/2\/revisions"}],"predecessor-version":[{"id":795,"href":"https:\/\/caimandigitalcolombia.com\/index.php\/wp-json\/wp\/v2\/pages\/2\/revisions\/795"}],"wp:attachment":[{"href":"https:\/\/caimandigitalcolombia.com\/index.php\/wp-json\/wp\/v2\/media?parent=2"}],"curies":[{"name":"wp","href":"https:\/\/api.w.org\/{rel}","templated":true}]}}