{"id":230,"date":"2025-08-28T17:16:06","date_gmt":"2025-08-28T22:16:06","guid":{"rendered":"https:\/\/caimandigitalcolombia.com\/?page_id=230"},"modified":"2025-11-06T17:10:55","modified_gmt":"2025-11-06T22:10:55","slug":"nosotros","status":"publish","type":"page","link":"https:\/\/caimandigitalcolombia.com\/index.php\/pagina-ejemplo\/nosotros\/","title":{"rendered":"Nosotros"},"content":{"rendered":"\t\t<div data-elementor-type=\"wp-page\" data-elementor-id=\"230\" class=\"elementor elementor-230\">\n\t\t\t\t<div class=\"elementor-element elementor-element-4a66ce0 e-flex e-con-boxed e-con e-parent\" data-id=\"4a66ce0\" data-element_type=\"container\" data-settings=\"{&quot;background_background&quot;:&quot;classic&quot;}\">\n\t\t\t\t\t<div class=\"e-con-inner\">\n\t\t<div class=\"elementor-element elementor-element-13d14cf e-flex e-con-boxed e-con e-child\" data-id=\"13d14cf\" data-element_type=\"container\">\n\t\t\t\t\t<div class=\"e-con-inner\">\n\t\t\t\t<div class=\"elementor-element elementor-element-5541f67 elementor-invisible elementor-widget elementor-widget-spacer\" data-id=\"5541f67\" data-element_type=\"widget\" data-settings=\"{&quot;_animation&quot;:&quot;fadeIn&quot;}\" data-widget_type=\"spacer.default\">\n\t\t\t\t<div class=\"elementor-widget-container\">\n\t\t\t\t\t\t\t<div class=\"elementor-spacer\">\n\t\t\t<div class=\"elementor-spacer-inner\"><\/div>\n\t\t<\/div>\n\t\t\t\t\t\t<\/div>\n\t\t\t\t<\/div>\n\t\t\t\t<div class=\"elementor-element elementor-element-21adb78 elementor-widget elementor-widget-heading\" data-id=\"21adb78\" data-element_type=\"widget\" data-widget_type=\"heading.default\">\n\t\t\t\t<div class=\"elementor-widget-container\">\n\t\t\t\t\t<h2 class=\"elementor-heading-title elementor-size-default\">Nosotros<\/h2>\t\t\t\t<\/div>\n\t\t\t\t<\/div>\n\t\t\t\t<div class=\"elementor-element elementor-element-6566cd0 elementor-widget elementor-widget-text-editor\" data-id=\"6566cd0\" data-element_type=\"widget\" data-widget_type=\"text-editor.default\">\n\t\t\t\t<div class=\"elementor-widget-container\">\n\t\t\t\t\t\t\t\t\t<p data-start=\"165\" data-end=\"437\"><strong data-start=\"165\" data-end=\"183\">Caim\u00e1n Digital<\/strong> naci\u00f3 como una agencia de Dise\u00f1o Industrial y desde 2016 emprendimos un viaje por el fascinante mundo audiovisual, con el prop\u00f3sito de contar historias que generen reflexi\u00f3n y conciencia sobre los factores que afectan a nuestra sociedad.<\/p><p data-start=\"439\" data-end=\"968\">Con m\u00e1s de <strong data-start=\"450\" data-end=\"533\">10 a\u00f1os de experiencia en la producci\u00f3n de proyectos audiovisuales y multimedia<\/strong>, hemos consolidado un enfoque que combina arte, tecnolog\u00eda y narrativa para crear experiencias inmersivas e innovadoras. En el a\u00f1o <strong data-start=\"665\" data-end=\"725\">2022 fuimos ganadores de \u201cEs m\u00e1s Cultural Local Kennedy\u201d<\/strong> con nuestro proyecto <em data-start=\"747\" data-end=\"789\">Azul Te Muestra: Techotiba sobre el agua<\/em>, una propuesta transmedia desarrollada por nuestro equipo, que refleja nuestro compromiso con la cultura, la educaci\u00f3n y la transformaci\u00f3n social a trav\u00e9s de los nuevos medios.<\/p><p class=\"wsite-content-title\"><span style=\"font-size: medium;\">\u00a0<\/span><\/p>\t\t\t\t\t\t\t\t<\/div>\n\t\t\t\t<\/div>\n\t\t\t\t<div class=\"elementor-element elementor-element-66b892b elementor-widget elementor-widget-image\" data-id=\"66b892b\" data-element_type=\"widget\" data-widget_type=\"image.default\">\n\t\t\t\t<div class=\"elementor-widget-container\">\n\t\t\t\t\t\t\t\t\t\t\t\t\t\t\t<img fetchpriority=\"high\" decoding=\"async\" width=\"1920\" height=\"1080\" src=\"https:\/\/caimandigitalcolombia.com\/wp-content\/uploads\/2024\/04\/VW.jpg\" class=\"attachment-full size-full wp-image-199\" alt=\"\" srcset=\"https:\/\/caimandigitalcolombia.com\/wp-content\/uploads\/2024\/04\/VW.jpg 1920w, https:\/\/caimandigitalcolombia.com\/wp-content\/uploads\/2024\/04\/VW-300x169.jpg 300w, https:\/\/caimandigitalcolombia.com\/wp-content\/uploads\/2024\/04\/VW-1024x576.jpg 1024w, https:\/\/caimandigitalcolombia.com\/wp-content\/uploads\/2024\/04\/VW-768x432.jpg 768w, https:\/\/caimandigitalcolombia.com\/wp-content\/uploads\/2024\/04\/VW-1536x864.jpg 1536w\" sizes=\"(max-width: 1920px) 100vw, 1920px\" \/>\t\t\t\t\t\t\t\t\t\t\t\t\t\t\t<\/div>\n\t\t\t\t<\/div>\n\t\t\t\t<div class=\"elementor-element elementor-element-221c96f elementor-widget-divider--view-line elementor-widget elementor-widget-divider\" data-id=\"221c96f\" data-element_type=\"widget\" data-widget_type=\"divider.default\">\n\t\t\t\t<div class=\"elementor-widget-container\">\n\t\t\t\t\t\t\t<div class=\"elementor-divider\">\n\t\t\t<span class=\"elementor-divider-separator\">\n\t\t\t\t\t\t<\/span>\n\t\t<\/div>\n\t\t\t\t\t\t<\/div>\n\t\t\t\t<\/div>\n\t\t\t\t\t<\/div>\n\t\t\t\t<\/div>\n\t\t<div class=\"elementor-element elementor-element-e3876ba e-flex e-con-boxed e-con e-child\" data-id=\"e3876ba\" data-element_type=\"container\">\n\t\t\t\t\t<div class=\"e-con-inner\">\n\t\t<div class=\"elementor-element elementor-element-be5d88f e-flex e-con-boxed e-con e-child\" data-id=\"be5d88f\" data-element_type=\"container\">\n\t\t\t\t\t<div class=\"e-con-inner\">\n\t\t\t\t<div class=\"elementor-element elementor-element-284c26e elementor-widget elementor-widget-text-editor\" data-id=\"284c26e\" data-element_type=\"widget\" data-widget_type=\"text-editor.default\">\n\t\t\t\t<div class=\"elementor-widget-container\">\n\t\t\t\t\t\t\t\t\t<p>Todos los derechos reservados \u00a9 2025 Copyright Caiman Digital<\/p>\t\t\t\t\t\t\t\t<\/div>\n\t\t\t\t<\/div>\n\t\t\t\t\t<\/div>\n\t\t\t\t<\/div>\n\t\t<div class=\"elementor-element elementor-element-ae5e5a7 e-flex e-con-boxed e-con e-child\" data-id=\"ae5e5a7\" data-element_type=\"container\">\n\t\t\t\t\t<div class=\"e-con-inner\">\n\t\t\t\t<div class=\"elementor-element elementor-element-c50b777 elementor-widget elementor-widget-image\" data-id=\"c50b777\" data-element_type=\"widget\" data-widget_type=\"image.default\">\n\t\t\t\t<div class=\"elementor-widget-container\">\n\t\t\t\t\t\t\t\t\t\t\t\t\t\t\t<img decoding=\"async\" src=\"https:\/\/caimandigitalcolombia.com\/wp-content\/uploads\/2025\/11\/logo-pie-azul-2-e1762445139839.png\" title=\"logo pie azul 2\" alt=\"logo pie azul 2\" loading=\"lazy\" \/>\t\t\t\t\t\t\t\t\t\t\t\t\t\t\t<\/div>\n\t\t\t\t<\/div>\n\t\t\t\t\t<\/div>\n\t\t\t\t<\/div>\n\t\t\t\t\t<\/div>\n\t\t\t\t<\/div>\n\t\t\t\t\t<\/div>\n\t\t\t\t<\/div>\n\t\t\t\t<\/div>\n\t\t","protected":false},"excerpt":{"rendered":"<p>Nosotros Caim\u00e1n Digital naci\u00f3 como una agencia de Dise\u00f1o Industrial y desde 2016 emprendimos un viaje por el fascinante mundo audiovisual, con el prop\u00f3sito de contar historias que generen reflexi\u00f3n y conciencia sobre los factores que afectan a nuestra sociedad. Con m\u00e1s de 10 a\u00f1os de experiencia en la producci\u00f3n de proyectos audiovisuales y multimedia, [&hellip;]<\/p>\n","protected":false},"author":1,"featured_media":0,"parent":2,"menu_order":0,"comment_status":"closed","ping_status":"closed","template":"","meta":{"om_disable_all_campaigns":false,"_monsterinsights_skip_tracking":false,"_monsterinsights_sitenote_active":false,"_monsterinsights_sitenote_note":"","_monsterinsights_sitenote_category":0,"site-sidebar-layout":"default","site-content-layout":"","ast-site-content-layout":"","site-content-style":"default","site-sidebar-style":"default","ast-global-header-display":"","ast-banner-title-visibility":"","ast-main-header-display":"","ast-hfb-above-header-display":"","ast-hfb-below-header-display":"","ast-hfb-mobile-header-display":"","site-post-title":"disabled","ast-breadcrumbs-content":"","ast-featured-img":"","footer-sml-layout":"","theme-transparent-header-meta":"","adv-header-id-meta":"","stick-header-meta":"","header-above-stick-meta":"","header-main-stick-meta":"","header-below-stick-meta":"","astra-migrate-meta-layouts":"","ast-page-background-enabled":"default","ast-page-background-meta":{"desktop":{"background-color":"var(--ast-global-color-4)","background-image":"","background-repeat":"repeat","background-position":"center center","background-size":"auto","background-attachment":"scroll","background-type":"","background-media":"","overlay-type":"","overlay-color":"","overlay-opacity":"","overlay-gradient":""},"tablet":{"background-color":"","background-image":"","background-repeat":"repeat","background-position":"center center","background-size":"auto","background-attachment":"scroll","background-type":"","background-media":"","overlay-type":"","overlay-color":"","overlay-opacity":"","overlay-gradient":""},"mobile":{"background-color":"","background-image":"","background-repeat":"repeat","background-position":"center center","background-size":"auto","background-attachment":"scroll","background-type":"","background-media":"","overlay-type":"","overlay-color":"","overlay-opacity":"","overlay-gradient":""}},"ast-content-background-meta":{"desktop":{"background-color":"var(--ast-global-color-5)","background-image":"","background-repeat":"repeat","background-position":"center center","background-size":"auto","background-attachment":"scroll","background-type":"","background-media":"","overlay-type":"","overlay-color":"","overlay-opacity":"","overlay-gradient":""},"tablet":{"background-color":"var(--ast-global-color-5)","background-image":"","background-repeat":"repeat","background-position":"center center","background-size":"auto","background-attachment":"scroll","background-type":"","background-media":"","overlay-type":"","overlay-color":"","overlay-opacity":"","overlay-gradient":""},"mobile":{"background-color":"var(--ast-global-color-5)","background-image":"","background-repeat":"repeat","background-position":"center center","background-size":"auto","background-attachment":"scroll","background-type":"","background-media":"","overlay-type":"","overlay-color":"","overlay-opacity":"","overlay-gradient":""}},"footnotes":""},"class_list":["post-230","page","type-page","status-publish","hentry"],"aioseo_notices":[],"_links":{"self":[{"href":"https:\/\/caimandigitalcolombia.com\/index.php\/wp-json\/wp\/v2\/pages\/230","targetHints":{"allow":["GET"]}}],"collection":[{"href":"https:\/\/caimandigitalcolombia.com\/index.php\/wp-json\/wp\/v2\/pages"}],"about":[{"href":"https:\/\/caimandigitalcolombia.com\/index.php\/wp-json\/wp\/v2\/types\/page"}],"author":[{"embeddable":true,"href":"https:\/\/caimandigitalcolombia.com\/index.php\/wp-json\/wp\/v2\/users\/1"}],"replies":[{"embeddable":true,"href":"https:\/\/caimandigitalcolombia.com\/index.php\/wp-json\/wp\/v2\/comments?post=230"}],"version-history":[{"count":70,"href":"https:\/\/caimandigitalcolombia.com\/index.php\/wp-json\/wp\/v2\/pages\/230\/revisions"}],"predecessor-version":[{"id":776,"href":"https:\/\/caimandigitalcolombia.com\/index.php\/wp-json\/wp\/v2\/pages\/230\/revisions\/776"}],"up":[{"embeddable":true,"href":"https:\/\/caimandigitalcolombia.com\/index.php\/wp-json\/wp\/v2\/pages\/2"}],"wp:attachment":[{"href":"https:\/\/caimandigitalcolombia.com\/index.php\/wp-json\/wp\/v2\/media?parent=230"}],"curies":[{"name":"wp","href":"https:\/\/api.w.org\/{rel}","templated":true}]}}